{"id":8309,"date":"2025-11-25T12:12:17","date_gmt":"2025-11-25T12:12:17","guid":{"rendered":"https:\/\/thefirma.fi\/?page_id=8309"},"modified":"2026-04-25T14:03:11","modified_gmt":"2026-04-25T14:03:11","slug":"tietosuojaseloste","status":"publish","type":"page","link":"https:\/\/thefirma.fi\/?page_id=8309&lang=fi","title":{"rendered":"Tietosuojaseloste"},"content":{"rendered":"\t\t<div data-elementor-type=\"wp-page\" data-elementor-id=\"8309\" class=\"elementor elementor-8309\" data-elementor-post-type=\"page\">\n\t\t\t\t<div class=\"elementor-element elementor-element-2481c37 e-flex e-con-boxed e-con e-parent\" data-id=\"2481c37\" data-element_type=\"container\" data-e-type=\"container\">\n\t\t\t\t\t<div class=\"e-con-inner\">\n\t\t\t\t<div class=\"elementor-element elementor-element-c3d031d elementor-widget elementor-widget-heading\" data-id=\"c3d031d\" data-element_type=\"widget\" data-e-type=\"widget\" data-widget_type=\"heading.default\">\n\t\t\t\t<div class=\"elementor-widget-container\">\n\t\t\t\t\t<h1 class=\"elementor-heading-title elementor-size-default\">Tietosuojaseloste<\/h1>\t\t\t\t<\/div>\n\t\t\t\t<\/div>\n\t\t\t\t<div class=\"elementor-element elementor-element-78f72ab elementor-widget elementor-widget-text-editor\" data-id=\"78f72ab\" data-element_type=\"widget\" data-e-type=\"widget\" data-widget_type=\"text-editor.default\">\n\t\t\t\t<div class=\"elementor-widget-container\">\n\t\t\t\t\t\t\t\t\t<p>T\u00e4m\u00e4 on theFIRMA:n EU:n yleisen tietosuoja-asetuksen (GDPR) mukainen rekisteri- ja tietosuojaseloste. Laadittu 24.11.2025. Viimeisin muutos 24.11.2025.<\/p>\t\t\t\t\t\t\t\t<\/div>\n\t\t\t\t<\/div>\n\t\t\t\t<div class=\"elementor-element elementor-element-4c09754 elementor-widget elementor-widget-heading\" data-id=\"4c09754\" data-element_type=\"widget\" data-e-type=\"widget\" data-widget_type=\"heading.default\">\n\t\t\t\t<div class=\"elementor-widget-container\">\n\t\t\t\t\t<h2 class=\"elementor-heading-title elementor-size-default\">Rekisterin nimi<\/h2>\t\t\t\t<\/div>\n\t\t\t\t<\/div>\n\t\t\t\t<div class=\"elementor-element elementor-element-ee0c1a9 elementor-widget elementor-widget-text-editor\" data-id=\"ee0c1a9\" data-element_type=\"widget\" data-e-type=\"widget\" data-widget_type=\"text-editor.default\">\n\t\t\t\t<div class=\"elementor-widget-container\">\n\t\t\t\t\t\t\t\t\t<p>T\u00e4m\u00e4 tietosuojaseloste koskee yrityksen asiakas- ja yhteydenottorekisteri\u00e4.<\/p>\t\t\t\t\t\t\t\t<\/div>\n\t\t\t\t<\/div>\n\t\t\t\t<div class=\"elementor-element elementor-element-01208bb elementor-widget elementor-widget-heading\" data-id=\"01208bb\" data-element_type=\"widget\" data-e-type=\"widget\" data-widget_type=\"heading.default\">\n\t\t\t\t<div class=\"elementor-widget-container\">\n\t\t\t\t\t<h2 class=\"elementor-heading-title elementor-size-default\">Rekisterinpit\u00e4j\u00e4<\/h2>\t\t\t\t<\/div>\n\t\t\t\t<\/div>\n\t\t\t\t<div class=\"elementor-element elementor-element-0b3b610 elementor-widget elementor-widget-text-editor\" data-id=\"0b3b610\" data-element_type=\"widget\" data-e-type=\"widget\" data-widget_type=\"text-editor.default\">\n\t\t\t\t<div class=\"elementor-widget-container\">\n\t\t\t\t\t\t\t\t\t<p><strong>Rekisterinpit\u00e4j\u00e4<\/strong><\/p><p>theFIRMA<\/p><p>Joukahaisenkatu 3, Turun ammattikorkeakoulu, ICT-City<\/p><p>20520 Turku<\/p><p><strong>Rekisterist\u00e4 vastaava henkil\u00f6<\/strong><\/p><p>Roope Lehtinen<\/p><p>roope.lehtinen@turkuamk.fi<\/p>\t\t\t\t\t\t\t\t<\/div>\n\t\t\t\t<\/div>\n\t\t\t\t<div class=\"elementor-element elementor-element-08b8179 elementor-widget elementor-widget-heading\" data-id=\"08b8179\" data-element_type=\"widget\" data-e-type=\"widget\" data-widget_type=\"heading.default\">\n\t\t\t\t<div class=\"elementor-widget-container\">\n\t\t\t\t\t<h2 class=\"elementor-heading-title elementor-size-default\">Mit\u00e4 tietoja ker\u00e4\u00e4mme<\/h2>\t\t\t\t<\/div>\n\t\t\t\t<\/div>\n\t\t\t\t<div class=\"elementor-element elementor-element-5383d8f elementor-widget elementor-widget-text-editor\" data-id=\"5383d8f\" data-element_type=\"widget\" data-e-type=\"widget\" data-widget_type=\"text-editor.default\">\n\t\t\t\t<div class=\"elementor-widget-container\">\n\t\t\t\t\t\t\t\t\t<p>theFIRMA ker\u00e4\u00e4 vain v\u00e4ltt\u00e4m\u00e4tt\u00f6mi\u00e4 henkil\u00f6tietoja yhteydenottojen k\u00e4sittely\u00e4 varten:<\/p>\n<ul>\n<li>Nimi<\/li>\n<li>S\u00e4hk\u00f6posti<\/li>\n<li>Puhelinnumero<\/li>\n<li>Viesti ja sen sis\u00e4lt\u00f6 (yhteydenottolomake)<\/li>\n<li>Palvelimen tekniset lokitiedot<\/li>\n<\/ul>\n<p>theFIRMA ei ker\u00e4\u00e4 analytiikkatietoja, markkinointiprofiileja tai ev\u00e4steill\u00e4 ker\u00e4tt\u00e4vi\u00e4 seurantatietoja.<\/p>\t\t\t\t\t\t\t\t<\/div>\n\t\t\t\t<\/div>\n\t\t\t\t<div class=\"elementor-element elementor-element-350e91a elementor-widget elementor-widget-heading\" data-id=\"350e91a\" data-element_type=\"widget\" data-e-type=\"widget\" data-widget_type=\"heading.default\">\n\t\t\t\t<div class=\"elementor-widget-container\">\n\t\t\t\t\t<h2 class=\"elementor-heading-title elementor-size-default\">Mist\u00e4 l\u00e4hteist\u00e4 tiedot tulevat<\/h2>\t\t\t\t<\/div>\n\t\t\t\t<\/div>\n\t\t\t\t<div class=\"elementor-element elementor-element-acbda75 elementor-widget elementor-widget-text-editor\" data-id=\"acbda75\" data-element_type=\"widget\" data-e-type=\"widget\" data-widget_type=\"text-editor.default\">\n\t\t\t\t<div class=\"elementor-widget-container\">\n\t\t\t\t\t\t\t\t\t<ul><li>K\u00e4ytt\u00e4j\u00e4n antamat tiedot (yhteydenottolomake)<\/li><li>Teknisesti ker\u00e4tyt tiedot (turvallisuus- ja virhelokit)<\/li><\/ul>\t\t\t\t\t\t\t\t<\/div>\n\t\t\t\t<\/div>\n\t\t\t\t<div class=\"elementor-element elementor-element-b828358 elementor-widget elementor-widget-heading\" data-id=\"b828358\" data-element_type=\"widget\" data-e-type=\"widget\" data-widget_type=\"heading.default\">\n\t\t\t\t<div class=\"elementor-widget-container\">\n\t\t\t\t\t<h2 class=\"elementor-heading-title elementor-size-default\">Mihin tarkoituksiin tietoja k\u00e4ytet\u00e4\u00e4n<\/h2>\t\t\t\t<\/div>\n\t\t\t\t<\/div>\n\t\t\t\t<div class=\"elementor-element elementor-element-4714917 elementor-widget elementor-widget-text-editor\" data-id=\"4714917\" data-element_type=\"widget\" data-e-type=\"widget\" data-widget_type=\"text-editor.default\">\n\t\t\t\t<div class=\"elementor-widget-container\">\n\t\t\t\t\t\t\t\t\t<ul><li>Yhteydenottojen k\u00e4sittely ja vastaaminen<\/li><li>Lakis\u00e4\u00e4teiset velvoitteet<\/li><li>Palvelun toiminnan varmistaminen ja tietoturva<\/li><\/ul><p>theFIRMA ei k\u00e4yt\u00e4 tietoja markkinointiin eik\u00e4 automatisoituun p\u00e4\u00e4t\u00f6ksentekoon.<\/p>\t\t\t\t\t\t\t\t<\/div>\n\t\t\t\t<\/div>\n\t\t\t\t<div class=\"elementor-element elementor-element-cc016d6 elementor-widget elementor-widget-heading\" data-id=\"cc016d6\" data-element_type=\"widget\" data-e-type=\"widget\" data-widget_type=\"heading.default\">\n\t\t\t\t<div class=\"elementor-widget-container\">\n\t\t\t\t\t<h2 class=\"elementor-heading-title elementor-size-default\">Oikeusperuste tietojen k\u00e4sittelylle<\/h2>\t\t\t\t<\/div>\n\t\t\t\t<\/div>\n\t\t\t\t<div class=\"elementor-element elementor-element-a443a61 elementor-widget elementor-widget-text-editor\" data-id=\"a443a61\" data-element_type=\"widget\" data-e-type=\"widget\" data-widget_type=\"text-editor.default\">\n\t\t\t\t<div class=\"elementor-widget-container\">\n\t\t\t\t\t\t\t\t\t<ul><li>Suostumus: k\u00e4ytt\u00e4j\u00e4 antaa itse tietonsa yhteydenottolomakkeessa<\/li><li>Oikeutettu etu: palvelimen teknisten lokitietojen k\u00e4sittely palvelun turvallisuuden varmistamiseksi<\/li><li>Lakis\u00e4\u00e4teiset velvoitteet: kirjanpito- ja viranomaisvaatimukset silloin, kun kyse on laskutukseen liittyvist\u00e4 asiakkaista<\/li><\/ul>\t\t\t\t\t\t\t\t<\/div>\n\t\t\t\t<\/div>\n\t\t\t\t<div class=\"elementor-element elementor-element-7c77c60 elementor-widget elementor-widget-heading\" data-id=\"7c77c60\" data-element_type=\"widget\" data-e-type=\"widget\" data-widget_type=\"heading.default\">\n\t\t\t\t<div class=\"elementor-widget-container\">\n\t\t\t\t\t<h2 class=\"elementor-heading-title elementor-size-default\">Kenelle tietoja luovutetaan<\/h2>\t\t\t\t<\/div>\n\t\t\t\t<\/div>\n\t\t\t\t<div class=\"elementor-element elementor-element-f8bc5db elementor-widget elementor-widget-text-editor\" data-id=\"f8bc5db\" data-element_type=\"widget\" data-e-type=\"widget\" data-widget_type=\"text-editor.default\">\n\t\t\t\t<div class=\"elementor-widget-container\">\n\t\t\t\t\t\t\t\t\t<p>Henkil\u00f6tietoja k\u00e4sittelev\u00e4t vain theFIRMA ja sen palveluntarjoajat.<\/p><ul><li>Webhotelli<\/li><li>S\u00e4hk\u00f6postipalvelu<\/li><li>Kirjanpito (vain maksaville asiakkaille)<\/li><\/ul><p>K\u00e4sittelij\u00e4t k\u00e4sittelev\u00e4t tietoja vain siin\u00e4 laajuudessa, kuin se on heid\u00e4n teht\u00e4viens\u00e4 toteuttamiseksi tarpeellista. Tietoja ei myyd\u00e4 kolmansille osapuolille<\/p>\t\t\t\t\t\t\t\t<\/div>\n\t\t\t\t<\/div>\n\t\t\t\t<div class=\"elementor-element elementor-element-00444df elementor-widget elementor-widget-heading\" data-id=\"00444df\" data-element_type=\"widget\" data-e-type=\"widget\" data-widget_type=\"heading.default\">\n\t\t\t\t<div class=\"elementor-widget-container\">\n\t\t\t\t\t<h2 class=\"elementor-heading-title elementor-size-default\">Tietojen siirto EU- tai ETA-alueen ulkopuolelle<\/h2>\t\t\t\t<\/div>\n\t\t\t\t<\/div>\n\t\t\t\t<div class=\"elementor-element elementor-element-6d86ffb elementor-widget elementor-widget-text-editor\" data-id=\"6d86ffb\" data-element_type=\"widget\" data-e-type=\"widget\" data-widget_type=\"text-editor.default\">\n\t\t\t\t<div class=\"elementor-widget-container\">\n\t\t\t\t\t\t\t\t\t<p>theFIRMA ei siirr\u00e4 henkil\u00f6tietoja EU\/ETA-alueen ulkopuolelle.<\/p><p>Sivustolla on k\u00e4yt\u00f6ss\u00e4 Google Maps -upotus, joka voi siirt\u00e4\u00e4 k\u00e4ytt\u00e4j\u00e4n IP-osoitteen Googlelle. Google k\u00e4sittelee tietoja omien ehtojensa mukaisesti.<br \/>Google voi siirt\u00e4\u00e4 tietoja EU\/ETA-alueen ulkopuolelle, ja siirrot perustuvat EU:n hyv\u00e4ksymiin suojatoimiin (kuten mallisopimuslausekkeisiin).<\/p>\t\t\t\t\t\t\t\t<\/div>\n\t\t\t\t<\/div>\n\t\t\t\t<div class=\"elementor-element elementor-element-666f20a elementor-widget elementor-widget-heading\" data-id=\"666f20a\" data-element_type=\"widget\" data-e-type=\"widget\" data-widget_type=\"heading.default\">\n\t\t\t\t<div class=\"elementor-widget-container\">\n\t\t\t\t\t<h2 class=\"elementor-heading-title elementor-size-default\">Tietojen s\u00e4ilytysaika<\/h2>\t\t\t\t<\/div>\n\t\t\t\t<\/div>\n\t\t\t\t<div class=\"elementor-element elementor-element-5a8b6ef elementor-widget elementor-widget-text-editor\" data-id=\"5a8b6ef\" data-element_type=\"widget\" data-e-type=\"widget\" data-widget_type=\"text-editor.default\">\n\t\t\t\t<div class=\"elementor-widget-container\">\n\t\t\t\t\t\t\t\t\t<p>Tietoja s\u00e4ilytet\u00e4\u00e4n vain niin kauan kuin se on tarpeellista t\u00e4ss\u00e4 selosteessa kuvattuihin tarkoituksiin.<\/p><ul><li>Yhteydenottolomakkeen tiedot: 12 kuukautta<\/li><li>Asiakastiedot: asiakassuhteen ajan<\/li><li>Laskutustiedot: 6 vuotta<\/li><li>Palvelimen lokitiedot: 1-12 kuukautta<\/li><\/ul>\t\t\t\t\t\t\t\t<\/div>\n\t\t\t\t<\/div>\n\t\t\t\t<div class=\"elementor-element elementor-element-bafae59 elementor-widget elementor-widget-heading\" data-id=\"bafae59\" data-element_type=\"widget\" data-e-type=\"widget\" data-widget_type=\"heading.default\">\n\t\t\t\t<div class=\"elementor-widget-container\">\n\t\t\t\t\t<h2 class=\"elementor-heading-title elementor-size-default\">Tietojen suojaus<\/h2>\t\t\t\t<\/div>\n\t\t\t\t<\/div>\n\t\t\t\t<div class=\"elementor-element elementor-element-8685de8 elementor-widget elementor-widget-text-editor\" data-id=\"8685de8\" data-element_type=\"widget\" data-e-type=\"widget\" data-widget_type=\"text-editor.default\">\n\t\t\t\t<div class=\"elementor-widget-container\">\n\t\t\t\t\t\t\t\t\t<p>Henkil\u00f6tietoja k\u00e4sitell\u00e4\u00e4n suojatuissa j\u00e4rjestelmiss\u00e4, joihin on p\u00e4\u00e4sy vain niill\u00e4 ty\u00f6ntekij\u00f6ill\u00e4 ja kumppaneilla, joilla on siihen teht\u00e4viens\u00e4 vuoksi oikeus. Tietoliikenne on suojattu SSL\/TLS-salauksella.<\/p>\t\t\t\t\t\t\t\t<\/div>\n\t\t\t\t<\/div>\n\t\t\t\t<div class=\"elementor-element elementor-element-09511cb elementor-widget elementor-widget-heading\" data-id=\"09511cb\" data-element_type=\"widget\" data-e-type=\"widget\" data-widget_type=\"heading.default\">\n\t\t\t\t<div class=\"elementor-widget-container\">\n\t\t\t\t\t<h2 class=\"elementor-heading-title elementor-size-default\">Rekister\u00f6idyn oikeudet<\/h2>\t\t\t\t<\/div>\n\t\t\t\t<\/div>\n\t\t\t\t<div class=\"elementor-element elementor-element-7a89127 elementor-widget elementor-widget-text-editor\" data-id=\"7a89127\" data-element_type=\"widget\" data-e-type=\"widget\" data-widget_type=\"text-editor.default\">\n\t\t\t\t<div class=\"elementor-widget-container\">\n\t\t\t\t\t\t\t\t\t<ul><li>oikeus tarkastaa tiedot<\/li><li>oikeus oikaista<\/li><li>oikeus poistaa<\/li><li>oikeus rajoittaa<\/li><li>oikeus siirt\u00e4\u00e4 tiedot<\/li><li>oikeus peruuttaa suostumus<\/li><li>oikeus tehd\u00e4 valitus tietosuojavaltuutetulle<\/li><\/ul><p>Pyynn\u00f6t voi l\u00e4hett\u00e4\u00e4 osoitteeseen: roope.lehtinen@turkuamk.fi<\/p>\t\t\t\t\t\t\t\t<\/div>\n\t\t\t\t<\/div>\n\t\t\t\t\t<\/div>\n\t\t\t\t<\/div>\n\t\t\t\t<\/div>\n\t\t","protected":false},"excerpt":{"rendered":"<p>Tietosuojaseloste T\u00e4m\u00e4 on theFIRMA:n EU:n yleisen tietosuoja-asetuksen (GDPR) mukainen rekisteri- ja tietosuojaseloste. Laadittu 24.11.2025. Viimeisin muutos 24.11.2025. Rekisterin nimi T\u00e4m\u00e4 tietosuojaseloste koskee yrityksen asiakas- ja yhteydenottorekisteri\u00e4. Rekisterinpit\u00e4j\u00e4 Rekisterinpit\u00e4j\u00e4 theFIRMA Joukahaisenkatu 3, Turun ammattikorkeakoulu, ICT-City 20520 Turku Rekisterist\u00e4 vastaava henkil\u00f6 Roope Lehtinen roope.lehtinen@turkuamk.fi Mit\u00e4 tietoja ker\u00e4\u00e4mme theFIRMA ker\u00e4\u00e4 vain v\u00e4ltt\u00e4m\u00e4tt\u00f6mi\u00e4 henkil\u00f6tietoja yhteydenottojen k\u00e4sittely\u00e4 varten: Nimi S\u00e4hk\u00f6posti [&hellip;]<\/p>\n","protected":false},"author":2,"featured_media":0,"parent":0,"menu_order":0,"comment_status":"closed","ping_status":"closed","template":"","meta":{"site-sidebar-layout":"no-sidebar","site-content-layout":"","ast-site-content-layout":"full-width-container","site-content-style":"default","site-sidebar-style":"default","ast-global-header-display":"","ast-banner-title-visibility":"","ast-main-header-display":"","ast-hfb-above-header-display":"","ast-hfb-below-header-display":"","ast-hfb-mobile-header-display":"","site-post-title":"disabled","ast-breadcrumbs-content":"","ast-featured-img":"disabled","footer-sml-layout":"","ast-disable-related-posts":"","theme-transparent-header-meta":"","adv-header-id-meta":"","stick-header-meta":"","header-above-stick-meta":"","header-main-stick-meta":"","header-below-stick-meta":"","astra-migrate-meta-layouts":"default","ast-page-background-enabled":"default","ast-page-background-meta":{"desktop":{"background-color":"var(--ast-global-color-4)","background-image":"","background-repeat":"repeat","background-position":"center center","background-size":"auto","background-attachment":"scroll","background-type":"","background-media":"","overlay-type":"","overlay-color":"","overlay-opacity":"","overlay-gradient":""},"tablet":{"background-color":"","background-image":"","background-repeat":"repeat","background-position":"center center","background-size":"auto","background-attachment":"scroll","background-type":"","background-media":"","overlay-type":"","overlay-color":"","overlay-opacity":"","overlay-gradient":""},"mobile":{"background-color":"","background-image":"","background-repeat":"repeat","background-position":"center center","background-size":"auto","background-attachment":"scroll","background-type":"","background-media":"","overlay-type":"","overlay-color":"","overlay-opacity":"","overlay-gradient":""}},"ast-content-background-meta":{"desktop":{"background-color":"var(--ast-global-color-5)","background-image":"","background-repeat":"repeat","background-position":"center center","background-size":"auto","background-attachment":"scroll","background-type":"","background-media":"","overlay-type":"","overlay-color":"","overlay-opacity":"","overlay-gradient":""},"tablet":{"background-color":"var(--ast-global-color-5)","background-image":"","background-repeat":"repeat","background-position":"center center","background-size":"auto","background-attachment":"scroll","background-type":"","background-media":"","overlay-type":"","overlay-color":"","overlay-opacity":"","overlay-gradient":""},"mobile":{"background-color":"var(--ast-global-color-5)","background-image":"","background-repeat":"repeat","background-position":"center center","background-size":"auto","background-attachment":"scroll","background-type":"","background-media":"","overlay-type":"","overlay-color":"","overlay-opacity":"","overlay-gradient":""}},"footnotes":""},"class_list":["post-8309","page","type-page","status-publish","hentry"],"_links":{"self":[{"href":"https:\/\/thefirma.fi\/index.php?rest_route=\/wp\/v2\/pages\/8309","targetHints":{"allow":["GET"]}}],"collection":[{"href":"https:\/\/thefirma.fi\/index.php?rest_route=\/wp\/v2\/pages"}],"about":[{"href":"https:\/\/thefirma.fi\/index.php?rest_route=\/wp\/v2\/types\/page"}],"author":[{"embeddable":true,"href":"https:\/\/thefirma.fi\/index.php?rest_route=\/wp\/v2\/users\/2"}],"replies":[{"embeddable":true,"href":"https:\/\/thefirma.fi\/index.php?rest_route=%2Fwp%2Fv2%2Fcomments&post=8309"}],"version-history":[{"count":10,"href":"https:\/\/thefirma.fi\/index.php?rest_route=\/wp\/v2\/pages\/8309\/revisions"}],"predecessor-version":[{"id":8349,"href":"https:\/\/thefirma.fi\/index.php?rest_route=\/wp\/v2\/pages\/8309\/revisions\/8349"}],"wp:attachment":[{"href":"https:\/\/thefirma.fi\/index.php?rest_route=%2Fwp%2Fv2%2Fmedia&parent=8309"}],"curies":[{"name":"wp","href":"https:\/\/api.w.org\/{rel}","templated":true}]}}